{"id":3992,"date":"2022-01-26T13:30:02","date_gmt":"2022-01-26T11:30:02","guid":{"rendered":"https:\/\/suprofilm.cz\/?page_id=3992"},"modified":"2024-04-12T08:55:28","modified_gmt":"2024-04-12T06:55:28","slug":"vseobecne-obchodni-podminky","status":"publish","type":"page","link":"https:\/\/suprofilm.cz\/de\/vseobecne-obchodni-podminky\/","title":{"rendered":"Allgemeine Gesch\u00e4ftsbedingungen"},"content":{"rendered":"<div data-elementor-type=\"wp-page\" data-elementor-id=\"3992\" class=\"elementor elementor-3992\" data-elementor-post-type=\"page\">\n\t\t\t\t\t\t<section class=\"elementor-section elementor-top-section elementor-element elementor-element-ee68a99 elementor-section-boxed elementor-section-height-default elementor-section-height-default\" data-id=\"ee68a99\" data-element_type=\"section\">\n\t\t\t\t\t\t<div class=\"elementor-container elementor-column-gap-wide\">\n\t\t\t\t\t<div class=\"elementor-column elementor-col-100 elementor-top-column elementor-element elementor-element-10894d1\" data-id=\"10894d1\" data-element_type=\"column\">\n\t\t\t<div class=\"elementor-widget-wrap elementor-element-populated\">\n\t\t\t\t\t\t<div class=\"elementor-element elementor-element-be21fbc elementor-widget elementor-widget-text-editor\" data-id=\"be21fbc\" data-element_type=\"widget\" data-widget_type=\"text-editor.default\">\n\t\t\t\t<div class=\"elementor-widget-container\">\n\t\t\t\t\t\t\t\t\t<h3><strong>Allgemeine Bedingungen<\/strong><\/h3><p>Gegenstand dieser Allgemeinen Gesch\u00e4fts- und Lieferbedingungen fy. SUPROFILM s.r.o. (im Folgenden VODP genannt) ist eine Anpassung der Beziehung zwischen der Gesellschaft SUPROFILM s.r.o. als Lieferant (im Folgenden Verk\u00e4ufer genannt) und Kunde (im Folgenden K\u00e4ufer genannt) und sind ein wesentlicher Bestandteil jedes Kaufvertrags, jeder Auftragsbest\u00e4tigung oder jedes Steuerbelegs - Rechnung. Abweichungen von diesen VODP sind nur aufgrund gegenseitiger schriftlicher Vereinbarung g\u00fcltig. Diese Allgemeinen Gesch\u00e4ftsbedingungen werden immer nur dem ersten an den K\u00e4ufer ausgestellten Vertrag beigef\u00fcgt.<\/p><p>Der K\u00e4ufer erkennt die nachfolgenden VODP als verbindlich f\u00fcr alle im Rahmen des Liefervertrages zu erbringenden Leistungen an und verzichtet auf die Anwendung eigener Einkaufsbedingungen.<\/p><ol><li><h6><strong>Zustandekommen des Kaufvertrages (nachfolgend Vertrag genannt)<\/strong><\/h6><\/li><\/ol><p>1.1 Der Vertrag kommt aufgrund der Bestellung des K\u00e4ufers, durch Vertragsunterzeichnung oder durch die vorbehaltlose Annahme des verbindlichen Angebots des Verk\u00e4ufers durch den K\u00e4ufer zustande.<\/p><p>1.2 Der Vertrag kann auch aufgrund der Bestellung des K\u00e4ufers durch \u00dcbergabe der Ware an den K\u00e4ufer oder an den ersten Spediteur zum Transport der Ware zum K\u00e4ufer zustande kommen. Der Vertrag kommt in diesem Fall im Rahmen der auf dem Lieferschein angegebenen Sortiments- und Mengenangaben zustande.<\/p><p>1.3 Mit Vertragsschluss werden alle Bedingungen und Tatsachen ung\u00fcltig, die zwischen dem Verk\u00e4ufer und dem K\u00e4ufer (im Folgenden Parteien genannt) vor seinem Abschluss vereinbart wurden, mit Ausnahme dieser Allgemeinen Gesch\u00e4ftsbedingungen und solcher, die nicht ausdr\u00fccklich vereinbart wurden in den Vertragstext aufgenommen.<\/p><p>1.4 \u00c4nderungen oder Erg\u00e4nzungen des g\u00fcltigen Vertrages k\u00f6nnen nur nach gegenseitigem Einvernehmen beider Parteien in Form von Vertragserg\u00e4nzungen schriftlich erfolgen.<\/p><ol start=\"2\"><li><h6><strong>Pflichten der Parteien<\/strong><\/h6><\/li><\/ol><p>2.1 Der Verk\u00e4ufer ist verpflichtet, den Vertragsgegenstand nach seinem Wortlaut in der vereinbarten Qualit\u00e4t und Menge zu liefern und dem K\u00e4ufer vertragsgem\u00e4\u00df das Eigentum zu \u00fcbertragen.<\/p><p>2.2 Der Verk\u00e4ufer liefert die Ware einschlie\u00dflich Verpackung so, dass ein ausreichender Schutz gegen Verschlechterung gew\u00e4hrleistet ist (gew\u00f6hnliche Verpackung), lehnt jedoch jede Verantwortung f\u00fcr Sch\u00e4den am Vertragsgegenstand ab, die durch unsachgem\u00e4\u00dfe Behandlung seitens des Spediteurs oder des K\u00e4ufers entstehen . Sonderverpackungen k\u00f6nnen im Vertrag vereinbart werden.<\/p><p>2.3 Der Verk\u00e4ufer erkl\u00e4rt, dass der Vertragsgegenstand allen einschl\u00e4gigen gesetzlichen Bestimmungen entspricht.<\/p><p>2.4 Teillieferungen sind zul\u00e4ssig und k\u00f6nnen auch gesondert in Rechnung gestellt werden.<\/p><p>2.5 Der K\u00e4ufer ist verpflichtet, den Vertragsgegenstand zu \u00fcbernehmen und den Kaufpreis in der vertraglich festgelegten Weise und fristgerecht zu zahlen.<\/p><p>2.6 Die Parteien sind verpflichtet, sich gegenseitig unverz\u00fcglich \u00fcber alle Tatsachen zu informieren, die Auswirkungen auf die Vertragserf\u00fcllung haben k\u00f6nnen.<\/p><ol start=\"3\"><li><h6><strong>Zahlungsbedingungen<\/strong><\/h6><\/li><\/ol><p>3.1 Der K\u00e4ufer verpflichtet sich, den Kaufpreis f\u00fcr die gelieferten Waren und Dienstleistungen einschlie\u00dflich etwaiger Transportkosten und Mehrwertsteuer innerhalb der angegebenen Frist auf das Konto des Verk\u00e4ufers zu zahlen. Rechnungen sind 14 Tage nach Rechnungsstellung f\u00e4llig, sofern nichts anderes schriftlich vereinbart ist.<\/p><p>3.2 Der K\u00e4ufer ist nicht berechtigt, Forderungen gegen den Verk\u00e4ufer mit dem Kaufpreis aufzurechnen, es sei denn, es wurde etwas anderes schriftlich vereinbart.<\/p><p>3.3 Kommt der K\u00e4ufer mit der Zahlung einer Rechnung in Verzug, so ist der Verk\u00e4ufer berechtigt, eine Vertragsstrafe in H\u00f6he von 0,1 % des unbezahlten Betrages f\u00fcr jeden Verzugstag zu erheben und der K\u00e4ufer ist zu deren Zahlung verpflichtet. Der Verk\u00e4ufer ist berechtigt, die Lieferung anderer bestellter Waren zu unterbrechen.<\/p><p>3.4 Das Recht auf Rechnung entsteht f\u00fcr den Verk\u00e4ufer am Tag der Lieferung der Ware an den K\u00e4ufer oder den ersten \u00f6ffentlichen Bef\u00f6rderer, und der Verk\u00e4ufer stellt dem K\u00e4ufer einen ordnungsgem\u00e4\u00dfen Steuerbeleg \u2013 eine Rechnung \u2013 aus.<\/p><ol start=\"4\"><li><h6><strong>Kaufpreis<\/strong><\/h6><\/li><\/ol><p>4.1 Der Kaufpreis ergibt sich aus dem g\u00fcltigen Angebot des Verk\u00e4ufers an den K\u00e4ufer und schlie\u00dft die \u00fcbliche Verpackung und Kennzeichnung der Ware ein. Der Preis gilt bis zum Widerruf des Angebots oder bis zur Abgabe eines neuen Angebots.<\/p><p>4.2 Der K\u00e4ufer tr\u00e4gt alle Kosten und Geb\u00fchren, die au\u00dferhalb des Gebiets der Tschechischen Republik entstehen k\u00f6nnen, wie Steuern, Z\u00f6lle, Einfuhrgeb\u00fchren und dergleichen.<\/p><ol start=\"5\"><li><h6><strong>Lieferbedingungen<\/strong><\/h6><\/li><\/ol><p>5.1 Der Verk\u00e4ufer erf\u00fcllt die Lieferung der Ware durch \u00dcbergabe der Ware an den K\u00e4ufer oder durch \u00dcbergabe der Ware an den ersten Spediteur und \u00fcbertr\u00e4gt damit auch das Risiko der Besch\u00e4digung der Ware auf den K\u00e4ufer.<\/p><p>5.2 Ist der Liefertermin der Ware im Vertrag nicht ausdr\u00fccklich vereinbart, ist der Verk\u00e4ufer berechtigt, diesen Zeitpunkt zu bestimmen.<\/p><p>5.3 Der Verk\u00e4ufer beh\u00e4lt sich das Recht vor, die bestellte Menge ohne vorherige Zustimmung des K\u00e4ufers um maximal +\/- 10 % zu \u00e4ndern, sofern der K\u00e4ufer in der Bestellung nicht ausdr\u00fccklich etwas anderes angibt, und die Menge kann auch in mehreren Teilmengen geliefert werden -L\u00e4ngen, sofern der K\u00e4ufer nichts anderes angibt.<\/p><p>5.4 F\u00fcr Waren, deren Bestellmenge mehr als 150 Rollen betr\u00e4gt, tr\u00e4gt der Verk\u00e4ufer die Transportkosten in der Tschechischen Republik - CPT (gem\u00e4\u00df INCOTERMS 2000), sofern vom Verk\u00e4ufer nichts anderes angegeben ist.<\/p><p>5.5 F\u00fcr Waren, deren Bestellmenge weniger als 150 Rollen betr\u00e4gt, gilt dieser Preis EXW, oder die Transportkosten f\u00fcr die Lieferung der Ware an den K\u00e4ufer gehen zu Lasten des K\u00e4ufers.<\/p><p>5.6 Bei Nachnahmeware wird ein Verzugszins erhoben.\u00a0<\/p><p>5.7 Sofern sich aus der Auftragsbest\u00e4tigung oder dem Lieferschein nichts anderes ergibt, erfolgt die Lieferung der Ware in Einwegverpackung. Die Lieferung der Ware in \u00fcberdurchschnittlicher Verpackung (z. B. bei Versand per Schiff) kann gegen Aufpreis erfolgen. Mehrweg-Transportverpackungen werden dem K\u00e4ufer mit der Lieferung der Produkte als gesonderte Position in Rechnung gestellt (Mehrweg-Transportverpackungen im Sinne der AGB sind Mehrwegpaletten und Metallrohre).\u00a0<\/p><p>Der K\u00e4ufer ist berechtigt, die Leihversandverpackung sp\u00e4testens drei Monate nach Lieferung der Produkte auf eigene Kosten an den Verk\u00e4ufer zur\u00fcckzusenden. Vom K\u00e4ufer zur\u00fcckgegebene Leihversandverpackungen werden dem Verk\u00e4ufer gutgeschrieben, d\u00fcrfen jedoch nicht besch\u00e4digt oder verschmutzt sein, andernfalls ist der Verk\u00e4ufer berechtigt, solche Verpackungen nicht anzunehmen oder auf Kosten des K\u00e4ufers zur\u00fcckzusenden.<\/p><p>Auf dem Liefer- oder Transportschein der Verpackung sind stets die Rechnungsnummern des Verk\u00e4ufers, die St\u00fcckzahl und die Art der zur\u00fcckgenommenen Verpackung anzugeben.<\/p><ol start=\"6\"><li><h6><strong>Eigentumsvorbehalt<\/strong><\/h6><\/li><\/ol><p>6.1 Die Ware bleibt bis zur vollst\u00e4ndigen Bezahlung des Kaufpreises durch den K\u00e4ufer, d.h. bis zur Gutschrift des Rechnungsbetrages auf dem Konto des Verk\u00e4ufers, im Eigentum des Verk\u00e4ufers.<\/p><ol start=\"7\"><li><h6><strong>R\u00fccksendungen<\/strong><\/h6><\/li><\/ol><p>7.1 Der K\u00e4ufer darf die gelieferte Ware nur aufgrund einer vorherigen schriftlichen Vereinbarung zwischen dem K\u00e4ufer und dem Verk\u00e4ufer an den Verk\u00e4ufer zur\u00fccksenden.<\/p><p>7.2 Die Ware wird vom Verk\u00e4ufer nicht ohne das vom Verk\u00e4ufer ausgestellte entsprechende Dokument - \"Warenr\u00fcckgabe\" - und nur in dem vom Verk\u00e4ufer an den K\u00e4ufer ausgestellten Zustand angenommen.<\/p><ol start=\"8\"><li><h6><strong>R\u00fccktritt vom Vertrag<\/strong><\/h6><\/li><\/ol><p>8.1 Bei R\u00fccktritt vom Vertrag durch den K\u00e4ufer w\u00e4hrend der Lieferzeit ist der Verk\u00e4ufer berechtigt, eine Stornogeb\u00fchr in H\u00f6he von 25 % des Gesamtkaufpreises zu erheben. Das Recht auf Ersatz von Sch\u00e4den, die dem Verk\u00e4ufer im Zusammenhang mit dem R\u00fccktritt vom Vertrag entstanden sind, bleibt hiervon unber\u00fchrt.<\/p><p>8.2 Durch Zahlung der Abfindung gem\u00e4\u00df Ziffer 8.1 dieser AGB wird der Vertrag beendet.<\/p><ol start=\"9\"><li><h6><strong>Beschwerdemodus<\/strong><\/h6><\/li><\/ol><p>9.1 Der Verk\u00e4ufer leistet f\u00fcr die Ware eine Gew\u00e4hrleistung von maximal 12 Monaten ab Lieferung der Ware und unter Einhaltung folgender Lagerbedingungen des Lieferanten: Die Folie muss trocken und staubfrei gelagert werden. W\u00e4hrend der Lagerung darf die Folie nicht dauerhaft Temperaturen \u00fcber 25\u00b0C und unter 0\u00b0C ausgesetzt werden. Die Folie muss auf das gesch\u00fctzte Material innerhalb von 6 Monaten nach Versand aus dem Werk der SUPROFILM s.r.o. aufgebracht werden. Die Folie muss sp\u00e4testens 6 Monate nach dem Auftragen oder innerhalb von 3 Monaten nach dem Auftragen, wenn das gesch\u00fctzte Material der Witterung ausgesetzt war, vom Material entfernt werden, sofern in der technischen Spezifikation der einzelnen Produkte nichts anderes angegeben ist. Die empfohlene Materialtemperatur beim Entfernen der Schutzfolie betr\u00e4gt 10-35 \u00b0C.<\/p><p>9.2 Der K\u00e4ufer ist verpflichtet, die Ware unverz\u00fcglich bei Abholung bzw. \u00dcbernahme zu untersuchen und bei festgestellten M\u00e4ngeln einen Bericht \u00fcber das Ergebnis der Untersuchung zu verfassen und dem Verk\u00e4ufer auszuh\u00e4ndigen.<\/p><p>9.3 Beanstandungen von Mengenm\u00e4ngeln, wenn die gelieferte Menge oder das Sortiment nicht der auf dem Lieferschein angegebenen Menge entspricht, sind innerhalb von 5 Werktagen ab Annahme bzw. Erhalt der Warenlieferung zul\u00e4ssig, andernfalls erlischt der Anspruch aus der Reklamation. Der K\u00e4ufer ist verpflichtet, die Nummer des Lieferscheins und der Rechnung zu dokumentieren.<\/p><p>9.4 Der K\u00e4ufer ist verpflichtet, offensichtliche M\u00e4ngel der Ware sp\u00e4testens bei Erhalt zu r\u00fcgen bzw Annahme der Warenlieferung, andernfalls erlischt der Anspruch aus der Reklamation.<\/p><p>9.5 Der K\u00e4ufer ist verpflichtet, versteckte M\u00e4ngel der Ware unverz\u00fcglich nach Entdeckung, sp\u00e4testens jedoch w\u00e4hrend der Gew\u00e4hrleistungsfrist zu r\u00fcgen. Im Falle einer Reklamation \u00fcber die \u00dcbertragung von Klebstoff von der Folie auf die gesch\u00fctzte Oberfl\u00e4che wird der versteckte Mangel in dem Moment sichtbar, in dem die Schutzfolie von der Oberfl\u00e4che entfernt wird, und der K\u00e4ufer ist verpflichtet, diesen Mangel unverz\u00fcglich zu reklamieren, Nr sp\u00e4ter als 7 Tage nach Entfernen der Folie von der Oberfl\u00e4che. Nach Ablauf dieser Frist erfolgende Reklamationen wegen Klebstoff\u00fcbertragung k\u00f6nnen nicht anerkannt werden und alle Anspr\u00fcche aus diesen Reklamationen erl\u00f6schen nach Ablauf der Frist von 7 Tagen ab Entfernung der Schutzfolie von der Oberfl\u00e4che.<\/p><p>9.6 Der Verk\u00e4ufer ist berechtigt, anhand der vorgelegten Unterlagen zu entscheiden, bzw Pr\u00fcfung der reklamierten Ware auf die Berechtigung der reklamierten M\u00e4ngel innerhalb von 30 Tagen nach Zustellung der Reklamation. Im Falle der Notwendigkeit der Erstellung eines Gutachtens oder sonstigen Gutachtens verl\u00e4ngert sich diese Frist um weitere 30 Tage.<\/p><p>9.7 Reklamationen des K\u00e4ufers sind schriftlich an die Adresse SUPROFILM s.r.o., Z\u00e1b\u0159e\u017esk\u00e1 74, 787 01 \u0160umperk, Tschechische Republik, zu richten, wobei die geltend gemachten M\u00e4ngel eindeutig zu bezeichnen sind.<\/p><p>9.8 Unterbleibt die fristgerechte M\u00e4ngelr\u00fcge, hat der K\u00e4ufer die Lieferung kommentarlos angenommen.<\/p><p>9.9 Bei berechtigter Beanstandung eines behebbaren Mangels wird der Verk\u00e4ufer den Mangel innerhalb von 30 Tagen auf eigene Kosten beseitigen.<\/p><p>9.10 Bei berechtigter Beanstandung irreparabler M\u00e4ngel tauscht der Verk\u00e4ufer die Ware gegen einwandfreie bzw wird den Kaufpreis an den K\u00e4ufer zur\u00fcckerstatten. Wenn dieser Mangel die Verwendung der Ware nicht verhindert, gew\u00e4hrt der Verk\u00e4ufer dem K\u00e4ufer einen entsprechenden Rabatt.<\/p><p>9.11 Stellt sich heraus, dass der reklamierte Mangel durch unsachgem\u00e4\u00dfe Lagerung, Verwendung, Anbringung von Folie oder nachl\u00e4ssige Behandlung der Ware entstanden ist, erlischt das Reklamationsrecht des K\u00e4ufers.<\/p><p>9.12 Der Umfang der Verantwortung des Verk\u00e4ufers beschr\u00e4nkt sich auf Umtausch, R\u00fcckgabe oder Nachlieferung und liegt nur im Ermessen des Verk\u00e4ufers. In keinem Fall haftet der Verk\u00e4ufer f\u00fcr indirekte oder Folgesch\u00e4den, einschlie\u00dflich entgangenen Gewinns, und seine Haftung \u00fcbersteigt nicht den Kaufpreis des an den K\u00e4ufer gelieferten Produkts.<\/p><ol start=\"10\"><li><h6><strong>Schlussbestimmungen<\/strong><\/h6><\/li><\/ol><p>10.1 Technische \u00c4nderungen vorbehalten.<\/p><p>10.2 F\u00fcr den Fall, dass der K\u00e4ufer nicht alle finanziellen Verpflichtungen gegen\u00fcber dem Verk\u00e4ufer begleicht, einschlie\u00dflich Vertragsstrafen, Abfindungen und Verzugszinsen, ist der Verk\u00e4ufer berechtigt, einseitig vom abgeschlossenen Kaufvertrag zur\u00fcckzutreten. Dem K\u00e4ufer stehen in diesem Fall keine Schadensersatzanspr\u00fcche zu.<\/p><p>10.3 Der Verk\u00e4ufer beh\u00e4lt sich das Recht vor, diese VODP zu \u00e4ndern oder zu erg\u00e4nzen, bzw ein neues VODP ausgeben.<\/p><p>10.4 Einkaufsbedingungen des K\u00e4ufers, die diesen AGB entgegenstehen, sind f\u00fcr den Verk\u00e4ufer unverbindlich, auch wenn sie Bestandteil der Bestellung des K\u00e4ufers sind und der Verk\u00e4ufer ihnen nicht widersprochen hat.<\/p><p>10.5 Alle im Kaufvertrag enthaltenen Angaben sind Gesch\u00e4ftsgeheimnis und d\u00fcrfen nicht an Dritte weitergegeben werden.<\/p><p>10.6 F\u00fcr den Fall, dass eine Bestimmung dieser Allgemeinen Gesch\u00e4ftsbedingungen rechtswidrig und ung\u00fcltig wird, werden die anderen Bestimmungen in keiner Weise ber\u00fchrt und die Parteien werden sich auf die rechtsg\u00fcltige Fassung dieser Bestimmung einigen.<\/p><p>10.7 Alle Streitigkeiten, die sich aus diesen AGB ergeben, werden von den Parteien in erster Linie einvernehmlich beigelegt. Die Parteien haben vereinbart, dass Streitigkeiten vor dem Bezirksgericht in \u0160umperk endg\u00fcltig entschieden werden.<\/p>\t\t\t\t\t\t\t\t<\/div>\n\t\t\t\t<\/div>\n\t\t\t\t\t<\/div>\n\t\t<\/div>\n\t\t\t\t\t<\/div>\n\t\t<\/section>\n\t\t\t\t<\/div>","protected":false},"excerpt":{"rendered":"<p>Obecn\u00e1 ustanoven\u00ed P\u0159edm\u011btem t\u011bchto V\u0161eobecn\u00fdch obchodn\u00edch a dodac\u00edch podm\u00ednek fy. SUPROFILM s.r.o. (d\u00e1le jen VODP) je \u00faprava vztahu mezi spole\u010dnost\u00ed SUPROFILM s.r.o. [&hellip;]<\/p>","protected":false},"author":1,"featured_media":0,"parent":0,"menu_order":0,"comment_status":"closed","ping_status":"closed","template":"","meta":{"footnotes":""},"class_list":["post-3992","page","type-page","status-publish","hentry"],"_links":{"self":[{"href":"https:\/\/suprofilm.cz\/de\/wp-json\/wp\/v2\/pages\/3992","targetHints":{"allow":["GET"]}}],"collection":[{"href":"https:\/\/suprofilm.cz\/de\/wp-json\/wp\/v2\/pages"}],"about":[{"href":"https:\/\/suprofilm.cz\/de\/wp-json\/wp\/v2\/types\/page"}],"author":[{"embeddable":true,"href":"https:\/\/suprofilm.cz\/de\/wp-json\/wp\/v2\/users\/1"}],"replies":[{"embeddable":true,"href":"https:\/\/suprofilm.cz\/de\/wp-json\/wp\/v2\/comments?post=3992"}],"version-history":[{"count":23,"href":"https:\/\/suprofilm.cz\/de\/wp-json\/wp\/v2\/pages\/3992\/revisions"}],"predecessor-version":[{"id":5522,"href":"https:\/\/suprofilm.cz\/de\/wp-json\/wp\/v2\/pages\/3992\/revisions\/5522"}],"wp:attachment":[{"href":"https:\/\/suprofilm.cz\/de\/wp-json\/wp\/v2\/media?parent=3992"}],"curies":[{"name":"wp","href":"https:\/\/api.w.org\/{rel}","templated":true}]}}