{"id":4250,"date":"2022-10-26T09:46:49","date_gmt":"2022-10-26T07:46:49","guid":{"rendered":"https:\/\/suprofilm.cz\/?page_id=4250"},"modified":"2022-10-26T10:25:09","modified_gmt":"2022-10-26T08:25:09","slug":"gdpr","status":"publish","type":"page","link":"https:\/\/suprofilm.cz\/en\/gdpr\/","title":{"rendered":"GDPR"},"content":{"rendered":"<div data-elementor-type=\"wp-page\" data-elementor-id=\"4250\" class=\"elementor elementor-4250\" data-elementor-post-type=\"page\">\n\t\t\t\t\t\t<section class=\"elementor-section elementor-top-section elementor-element elementor-element-2db6968 elementor-section-height-min-height elementor-section-boxed elementor-section-height-default elementor-section-items-middle\" data-id=\"2db6968\" data-element_type=\"section\">\n\t\t\t\t\t\t<div class=\"elementor-container elementor-column-gap-default\">\n\t\t\t\t\t<div class=\"elementor-column elementor-col-100 elementor-top-column elementor-element elementor-element-cc7f56d\" data-id=\"cc7f56d\" data-element_type=\"column\">\n\t\t\t<div class=\"elementor-widget-wrap elementor-element-populated\">\n\t\t\t\t\t\t<div class=\"elementor-element elementor-element-a4dd569 elementor-widget elementor-widget-text-editor\" data-id=\"a4dd569\" data-element_type=\"widget\" data-widget_type=\"text-editor.default\">\n\t\t\t\t<div class=\"elementor-widget-container\">\n\t\t\t\t\t\t\t\t\t<p><strong>Z\u00e1sady ochrany osobn\u00edch \u00fadaj\u016f webu suprofilm.cz<\/strong><\/p><p>Spr\u00e1va webu suprofilm.cz se zavazuje dodr\u017eovat z\u00e1sady ochrany Va\u0161ich osobn\u00edch \u00fadaj\u016f na Internetu. Klademe velk\u00fd d\u016fraz na ochranu poskytovan\u00fdch \u00fadaj\u016f. Na\u0161e z\u00e1sady ochrany osobn\u00edch \u00fadaj\u016f jsou zalo\u017eeny na\u00a0<a href=\"https:\/\/ec.europa.eu\/info\/law\/law-topic\/data-protection\/data-protection-eu_cs\">ustanoven\u00edch V\u0161eobecn\u00fdch p\u0159edpis\u016f pro ochranu osobn\u00edch \u00fadaj\u016f Evropsk\u00e9 unie (GDPR).\u00a0<\/a>\u00da\u010dely, pro kter\u00e9 shroma\u017e\u010fujeme osobn\u00ed \u00fadaje, jsou tyto: zlep\u0161en\u00ed na\u0161ich slu\u017eeb, komunikace s n\u00e1v\u0161t\u011bvn\u00edky tohoto webu, poskytov\u00e1n\u00ed informac\u00ed, po\u017eadovan\u00fdch u\u017eivatelem, poskytov\u00e1n\u00ed slu\u017eeb, souvisej\u00edc\u00edch se zam\u011b\u0159en\u00edm \u010dinnosti p\u0159edm\u011btn\u00e9 webov\u00e9 str\u00e1nky, , a tak\u00e9 pro n\u00e1sleduj\u00edc\u00ed \u00fakony.<\/p><p><strong>Shroma\u017e\u010fov\u00e1n\u00ed a pou\u017e\u00edv\u00e1n\u00ed osobn\u00edch \u00fadaj\u016f<\/strong><\/p><p>Osobn\u00ed \u00fadaje shroma\u017e\u010fujeme a pou\u017e\u00edv\u00e1me pouze v p\u0159\u00edpad\u011b va\u0161eho dobrovoln\u00e9ho souhlasu. Pokud s t\u00edm budete souhlasit, povolujete n\u00e1m shroma\u017e\u010fovat a pou\u017e\u00edvat n\u00e1sleduj\u00edc\u00ed \u00fadaje: jm\u00e9no a p\u0159\u00edjmen\u00ed, e-mail, telefonn\u00ed \u010d\u00edslo, . Shroma\u017e\u010fov\u00e1n\u00ed a zpracov\u00e1n\u00ed Va\u0161ich \u00fadaj\u016f prob\u00edh\u00e1 v souladu s pr\u00e1vn\u00edmi p\u0159edpisy, platn\u00fdmi na \u00fazem\u00ed Evropsk\u00e9 unie a st\u00e1tu \u010cesk\u00e1 republika.<\/p><p><strong>Ukl\u00e1d\u00e1n\u00ed, \u00faprava a maz\u00e1n\u00ed dat<\/strong><\/p><p>U\u017eivatel, kter\u00fd poskytl sv\u00e9 osobn\u00ed \u00fadaje webov\u00fdm str\u00e1nk\u00e1m suprofilm.cz, m\u00e1 opr\u00e1vn\u011bn\u00ed nad\u00e1le je upravovat i mazat, stejn\u011b jako odvolat sv\u016fj souhlas s jejich pou\u017eit\u00edm. Doba, po kterou budou Va\u0161e osobn\u00ed \u00fadaje ulo\u017eeny: \u010das pot\u0159ebn\u00fd k vyu\u017eit\u00ed \u00fadaj\u016f pro hlavn\u00ed \u010dinnost webu. V p\u0159\u00edpad\u011b ukon\u010den\u00ed pou\u017e\u00edv\u00e1n\u00ed Va\u0161ich \u00fadaj\u016f je spr\u00e1va webu odstran\u00ed. Pro p\u0159\u00edstup k Va\u0161im osobn\u00edm \u00fadaj\u016fm m\u016f\u017eete kontaktovat spr\u00e1vu webu na adrese: +420776087739. Va\u0161e osobn\u00ed \u00fadaje m\u016f\u017eeme poskytnout t\u0159et\u00edm stran\u00e1m pouze s Va\u0161\u00edm dobrovoln\u00fdm souhlasem, pokud v\u0161ak u\u017e byly p\u0159evedeny, pak tyto \u00fadaje nem\u016f\u017eeme m\u011bnit, jsou-li u\u017e uveden\u00e9 u jin\u00fdch organizac\u00ed, kter\u00e9 s n\u00e1mi nesouvisej\u00ed.<\/p><p><strong>Vyu\u017eit\u00ed technick\u00fdch \u00fadaj\u016f p\u0159i n\u00e1v\u0161t\u011bv\u011b webu<\/strong><\/p><p>Kdy\u017e nav\u0161t\u00edv\u00edte web suprofilm.cz, budou v datab\u00e1zi ulo\u017eeny z\u00e1znamy o Va\u0161\u00ed IP adrese, \u010dase n\u00e1v\u0161t\u011bvy, nastaven\u00ed prohl\u00ed\u017ee\u010de, opera\u010dn\u00edm syst\u00e9mu a dal\u0161\u00edch technick\u00fdch informac\u00edch, pot\u0159ebn\u00fdch pro spr\u00e1vn\u00e9 zobrazen\u00ed obsahu webu. Podle t\u011bchto \u00fadaj\u016f v\u0161ak identifikovat toto\u017enost n\u00e1v\u0161t\u011bvn\u00edka nem\u016f\u017eeme.<\/p><p><strong>Poskytov\u00e1n\u00ed informac\u00ed d\u011btmi<\/strong><\/p><p>Pokud jste rodi\u010dem, nebo opatrovn\u00edkem a zjistili jste, \u017ee Va\u0161e d\u011bti n\u00e1m poskytly sv\u00e9 osobn\u00ed \u00fadaje bez Va\u0161eho souhlasu, kontaktujte n\u00e1s: +420776087739. Na\u0161e slu\u017eba zakazuje ukl\u00e1dat osobn\u00ed \u00fadaje nezletil\u00fdch bez souhlasu rodi\u010d\u016f nebo opatrovn\u00edk\u016f.<\/p><p><strong>Vyu\u017e\u00edv\u00e1n\u00ed soubor\u016f cookies<\/strong><\/p><p>Pro spr\u00e1vn\u00e9 zobrazen\u00ed obsahu a pro usnadn\u011bn\u00ed pou\u017e\u00edv\u00e1n\u00ed str\u00e1nek suprofilm.cz vyu\u017e\u00edv\u00e1me soubory cookies. Jedn\u00e1 se o mal\u00e9 soubory, ulo\u017een\u00e9 ve Va\u0161em za\u0159\u00edzen\u00ed. Tyto soubory pom\u00e1haj\u00ed webu zapamatovat si informace o V\u00e1s, nap\u0159\u00edklad v jak\u00e9m jazyce prohl\u00ed\u017e\u00edte str\u00e1nky a jak\u00e9 str\u00e1nky jste ji\u017e nav\u0161t\u00edvili, co\u017e jsou informace, kter\u00e9 budou pro Va\u0161i p\u0159\u00ed\u0161t\u00ed n\u00e1v\u0161t\u011bvu u\u017eite\u010dn\u00e9. D\u00edky soubor\u016fm cookies bude pro V\u00e1s prohl\u00ed\u017een\u00ed webu mnohem pohodln\u011bj\u0161\u00ed. V\u00edce si o t\u011bchto souborech m\u016f\u017eete p\u0159e\u010d\u00edst\u00a0<a href=\"https:\/\/cs.wikipedia.org\/wiki\/HTTP_cookie\">zde<\/a>. Prohl\u00ed\u017ee\u010d m\u016f\u017eete nastavit tak, aby p\u0159ij\u00edmal, nebo blokoval soubory cookie v prohl\u00ed\u017ee\u010di samostatn\u011b. Nemo\u017enost p\u0159ij\u00edmat soubory cookie v\u0161ak m\u016f\u017ee omezit v\u00fdkonnost webu.<\/p><p><strong>Vyu\u017eit\u00ed osobn\u00edch \u00fadaj\u016f jin\u00fdmi slu\u017ebami<\/strong><\/p><p>Tato str\u00e1nka pou\u017e\u00edv\u00e1 internetov\u00e9 slu\u017eby t\u0159et\u00edch stran, kter\u00e9 sb\u00edraj\u00ed informace nez\u00e1visle na n\u00e1s: Google Analytics , .<\/p><p>Shroma\u017e\u010fovan\u00e1 data mohou b\u00fdt sd\u00edlena s dal\u0161\u00edmi slu\u017ebami uvnit\u0159 t\u011bchto organizac\u00ed a mohou b\u00fdt pou\u017eity p\u0159i personalizaci reklam v jejich vlastn\u00ed reklamn\u00ed s\u00edti. U\u017eivatelsk\u00e9 dohody t\u011bchto organizac\u00ed si m\u016f\u017eete p\u0159e\u010d\u00edst na jejich webov\u00fdch str\u00e1nk\u00e1ch. Tam m\u016f\u017eete tak\u00e9 odm\u00edtnout shroma\u017e\u010fov\u00e1n\u00ed va\u0161ich osobn\u00edch \u00fadaj\u016f, nap\u0159\u00edklad zde najdete\u00a0<a href=\"https:\/\/tools.google.com\/dlpage\/gaoptout?hl=en\">blok\u00e1tor slu\u017eby Google Analytics.<\/a>Osobn\u00ed \u00fadaje nep\u0159ed\u00e1v\u00e1me jin\u00fdm organizac\u00edm a slu\u017eb\u00e1m, kter\u00e9 nejsou uvedeny v t\u011bchto z\u00e1sad\u00e1ch ochrany osobn\u00edch \u00fadaj\u016f. Jedinou v\u00fdjimkou je p\u0159ed\u00e1v\u00e1n\u00ed informac\u00ed podle z\u00e1konn\u00fdch po\u017eadavk\u016f st\u00e1tn\u00edch org\u00e1n\u016f, opr\u00e1vn\u011bn\u00fdch k prov\u00e1d\u011bn\u00ed takov\u00fdch \u00fakon\u016f.<\/p><p><strong>Odkazy na jin\u00e9 str\u00e1nky<\/strong><\/p><p>Na\u0161e str\u00e1nky suprofilm.cz mohou obsahovat odkazy na jin\u00e9 weby, kter\u00e9 nejsou n\u00e1mi provozov\u00e1ny. Za jejich obsah neneseme zodpov\u011bdnost. Doporu\u010dujeme, abyste si p\u0159e\u010detli z\u00e1sady ochrany osobn\u00edch \u00fadaj\u016f na t\u011bch str\u00e1nk\u00e1ch, kter\u00e9 jste nav\u0161t\u00edvili, pokud jsou tam uvedeny.<\/p><p><strong>Zm\u011bny z\u00e1sad ochrany osobn\u00edch \u00fadaj\u016f<\/strong><\/p><p>Na\u0161e str\u00e1nky suprofilm.cz mohou ob\u010das aktualizovat sv\u00e9 z\u00e1sady ochrany osobn\u00edch \u00fadaj\u016f. V\u0161echny zm\u011bny oznamujeme formou zve\u0159ej\u0148ov\u00e1n\u00ed nov\u00fdch z\u00e1sad ochrany osobn\u00edch \u00fadaj\u016f na t\u00e9to str\u00e1nce. Sledujeme zm\u011bny v legislativ\u011b, t\u00fdkaj\u00edc\u00ed se ochrany osobn\u00edch \u00fadaj\u016f v Evropsk\u00e9 unii a ve st\u00e1t\u011b \u010cesk\u00e1 republika. Pokud jste n\u00e1m sv\u011b\u0159ili sv\u00e9 osobn\u00ed \u00fadaje, upozorn\u00edme V\u00e1s na p\u0159\u00edpadnou zm\u011bnu z\u00e1sad ochrany osobn\u00edch \u00fadaj\u016f. Pokud byly Va\u0161e kontaktn\u00ed \u00fadaje zad\u00e1ny nespr\u00e1vn\u011b, pak V\u00e1s kontaktovat nem\u016f\u017eeme.<\/p><p><strong>Zp\u011btn\u00e1 vazba, z\u00e1v\u011bre\u010dn\u00e1 ustanoven\u00ed<\/strong><\/p><p>M\u00e1te-li jak\u00e9koliv dotazy, souvisej\u00edc\u00ed se z\u00e1sadami ochrany osobn\u00edch \u00fadaj\u016f, kontaktujte spr\u00e1vce webu suprofilm.cz, p\u0159es: +420776087739, nebo vyu\u017eijte kontaktn\u00ed formul\u00e1\u0159, uveden\u00fd v p\u0159\u00edslu\u0161n\u00e9 \u010d\u00e1sti tohoto webu. Pokud s t\u011bmito z\u00e1sadami ochrany osobn\u00edch \u00fadaj\u016f nesouhlas\u00edte, nem\u016f\u017eete nad\u00e1le vyu\u017e\u00edvat slu\u017eby webu suprofilm.cz. V takov\u00e9m p\u0159\u00edpad\u011b se mus\u00edte vzd\u00e1t mo\u017enosti nav\u0161t\u011bvovat na\u0161e str\u00e1nky.<\/p>\t\t\t\t\t\t\t\t<\/div>\n\t\t\t\t<\/div>\n\t\t\t\t\t<\/div>\n\t\t<\/div>\n\t\t\t\t\t<\/div>\n\t\t<\/section>\n\t\t\t\t<\/div>","protected":false},"excerpt":{"rendered":"<p>Z\u00e1sady ochrany osobn\u00edch \u00fadaj\u016f webu suprofilm.cz Spr\u00e1va webu suprofilm.cz se zavazuje dodr\u017eovat z\u00e1sady ochrany Va\u0161ich osobn\u00edch \u00fadaj\u016f na Internetu. Klademe velk\u00fd d\u016fraz [&hellip;]<\/p>","protected":false},"author":1,"featured_media":0,"parent":0,"menu_order":0,"comment_status":"closed","ping_status":"closed","template":"","meta":{"footnotes":""},"class_list":["post-4250","page","type-page","status-publish","hentry"],"_links":{"self":[{"href":"https:\/\/suprofilm.cz\/en\/wp-json\/wp\/v2\/pages\/4250","targetHints":{"allow":["GET"]}}],"collection":[{"href":"https:\/\/suprofilm.cz\/en\/wp-json\/wp\/v2\/pages"}],"about":[{"href":"https:\/\/suprofilm.cz\/en\/wp-json\/wp\/v2\/types\/page"}],"author":[{"embeddable":true,"href":"https:\/\/suprofilm.cz\/en\/wp-json\/wp\/v2\/users\/1"}],"replies":[{"embeddable":true,"href":"https:\/\/suprofilm.cz\/en\/wp-json\/wp\/v2\/comments?post=4250"}],"version-history":[{"count":4,"href":"https:\/\/suprofilm.cz\/en\/wp-json\/wp\/v2\/pages\/4250\/revisions"}],"predecessor-version":[{"id":4298,"href":"https:\/\/suprofilm.cz\/en\/wp-json\/wp\/v2\/pages\/4250\/revisions\/4298"}],"wp:attachment":[{"href":"https:\/\/suprofilm.cz\/en\/wp-json\/wp\/v2\/media?parent=4250"}],"curies":[{"name":"wp","href":"https:\/\/api.w.org\/{rel}","templated":true}]}}