{"id":3992,"date":"2022-01-26T13:30:02","date_gmt":"2022-01-26T11:30:02","guid":{"rendered":"https:\/\/suprofilm.cz\/?page_id=3992"},"modified":"2024-04-12T08:55:28","modified_gmt":"2024-04-12T06:55:28","slug":"vseobecne-obchodni-podminky","status":"publish","type":"page","link":"https:\/\/suprofilm.cz\/pl\/vseobecne-obchodni-podminky\/","title":{"rendered":"Og\u00f3lne warunki handlowe"},"content":{"rendered":"<div data-elementor-type=\"wp-page\" data-elementor-id=\"3992\" class=\"elementor elementor-3992\" data-elementor-post-type=\"page\">\n\t\t\t\t\t\t<section class=\"elementor-section elementor-top-section elementor-element elementor-element-ee68a99 elementor-section-boxed elementor-section-height-default elementor-section-height-default\" data-id=\"ee68a99\" data-element_type=\"section\">\n\t\t\t\t\t\t<div class=\"elementor-container elementor-column-gap-wide\">\n\t\t\t\t\t<div class=\"elementor-column elementor-col-100 elementor-top-column elementor-element elementor-element-10894d1\" data-id=\"10894d1\" data-element_type=\"column\">\n\t\t\t<div class=\"elementor-widget-wrap elementor-element-populated\">\n\t\t\t\t\t\t<div class=\"elementor-element elementor-element-be21fbc elementor-widget elementor-widget-text-editor\" data-id=\"be21fbc\" data-element_type=\"widget\" data-widget_type=\"text-editor.default\">\n\t\t\t\t<div class=\"elementor-widget-container\">\n\t\t\t\t\t\t\t\t\t<h3><strong>Og\u00f3lne warunki<\/strong><\/h3><p>Przedmiot niniejszych Og\u00f3lnych warunk\u00f3w handlowych i warunk\u00f3w dostaw f. SUPROFILM s.r.o. (zwana dalej VODP) jest dostosowaniem relacji pomi\u0119dzy firm\u0105 SUPROFILM s.r.o. jako dostawca (zwany dalej sprzedawc\u0105) i klient (zwany dalej kupuj\u0105cym) i s\u0105 integraln\u0105 cz\u0119\u015bci\u0105 ka\u017cdej umowy kupna-sprzeda\u017cy, potwierdzenia zam\u00f3wienia lub dokumentu podatkowego - faktury. Odst\u0119pstwa od niniejszych VODP obowi\u0105zuj\u0105 wy\u0142\u0105cznie na podstawie wzajemnych pisemnych uzgodnie\u0144. Niniejsze Og\u00f3lne Warunki Handlowe s\u0105 zawsze do\u0142\u0105czane tylko do pierwszej umowy wystawianej kupuj\u0105cemu.<\/p><p>Kupuj\u0105cy uznaje poni\u017csze VODP za wi\u0105\u017c\u0105ce dla wszystkich \u015bwiadcze\u0144, kt\u00f3re maj\u0105 by\u0107 wykonane w ramach umowy dostawy i rezygnuje ze stosowania w\u0142asnych warunk\u00f3w zakupu.<\/p><ol><li><h6><strong>Zawarcie umowy kupna (zwanej dalej umow\u0105)<\/strong><\/h6><\/li><\/ol><p>1.1 Umowa zostaje zawarta na podstawie zam\u00f3wienia kupuj\u0105cego, podpisania umowy lub bezwarunkowego przyj\u0119cia przez kupuj\u0105cego wi\u0105\u017c\u0105cej oferty sprzedaj\u0105cego.<\/p><p>1.2 Umowa mo\u017ce r\u00f3wnie\u017c zosta\u0107 zawarta na podstawie zam\u00f3wienia kupuj\u0105cego poprzez przekazanie towaru kupuj\u0105cemu lub pierwszemu przewo\u017anikowi, kt\u00f3ry przewiezie towar do kupuj\u0105cego. W takim przypadku umowa jest zawierana w zakresie asortymentu i ilo\u015bci okre\u015blonych na dowodzie dostawy.<\/p><p>1.3 Wraz z zawarciem umowy wszystkie warunki i fakty, kt\u00f3re zosta\u0142y uzgodnione mi\u0119dzy sprzedaj\u0105cym a kupuj\u0105cym (zwanymi dalej stronami) przed jej podpisaniem, staj\u0105 si\u0119 niewa\u017cne, z wyj\u0105tkiem niniejszych Og\u00f3lnych Warunk\u00f3w i tych, kt\u00f3re nie zosta\u0142y wyra\u017anie zawarte w tre\u015bci umowy.<\/p><p>1.4 Wszelkie zmiany lub uzupe\u0142nienia obowi\u0105zuj\u0105cej umowy mog\u0105 by\u0107 dokonane wy\u0142\u0105cznie w formie pisemnej po wzajemnym uzgodnieniu obu stron w formie aneksu do umowy.<\/p><ol start=\"2\"><li><h6><strong>Obowi\u0105zki stron<\/strong><\/h6><\/li><\/ol><p>2.1 Sprzedaj\u0105cy jest zobowi\u0105zany do dostarczenia przedmiotu umowy zgodnie z jego tre\u015bci\u0105, w uzgodnionej jako\u015bci i ilo\u015bci oraz do przeniesienia w\u0142asno\u015bci na kupuj\u0105cego zgodnie z umow\u0105.<\/p><p>2.2 Sprzedaj\u0105cy dostarczy towar wraz z opakowaniem w taki spos\u00f3b, aby zapewni\u0107 wystarczaj\u0105c\u0105 ochron\u0119 przed jego zepsuciem (zwyk\u0142e opakowanie), ale zrzeka si\u0119 odpowiedzialno\u015bci za uszkodzenie przedmiotu umowy spowodowane niefachowym obchodzeniem si\u0119 ze strony przewo\u017anika lub kupuj\u0105cego . Specjalne opakowanie mo\u017ce by\u0107 negocjowane w umowie.<\/p><p>2.3 Sprzedaj\u0105cy o\u015bwiadcza, \u017ce \u200b\u200bprzedmiot umowy jest zgodny ze wszystkimi w\u0142a\u015bciwymi przepisami prawa.<\/p><p>2.4 Dostawy cz\u0119\u015bciowe s\u0105 dopuszczalne i mog\u0105 by\u0107 fakturowane oddzielnie.<\/p><p>2.5 Kupuj\u0105cy jest zobowi\u0105zany do przej\u0119cia przedmiotu umowy i zap\u0142aty ceny zakupu w spos\u00f3b okre\u015blony umow\u0105 iw wyznaczonym terminie.<\/p><p>2.6 Strony s\u0105 zobowi\u0105zane do wzajemnego informowania si\u0119 bez zb\u0119dnej zw\u0142oki o wszystkich faktach, kt\u00f3re mog\u0105 mie\u0107 wp\u0142yw na wykonanie umowy.<\/p><ol start=\"3\"><li><h6><strong>Zasady p\u0142atno\u015bci<\/strong><\/h6><\/li><\/ol><p>3.1 Kupuj\u0105cy zobowi\u0105zuje si\u0119 do zap\u0142aty ceny zakupu za dostarczone towary i us\u0142ugi, w tym wszelkich koszt\u00f3w transportu i podatku VAT, na konto sprzedaj\u0105cego w okre\u015blonym terminie. Faktury s\u0105 p\u0142atne 14 dni po ich wystawieniu, chyba \u017ce uzgodniono inaczej na pi\u015bmie.<\/p><p>3.2 Kupuj\u0105cy nie jest uprawniony do potr\u0105cania z ceny zakupu jakichkolwiek roszcze\u0144 wobec sprzedaj\u0105cego, chyba \u017ce uzgodniono inaczej na pi\u015bmie.<\/p><p>3.3 Je\u017celi kupuj\u0105cy zalega z zap\u0142at\u0105 jakiejkolwiek faktury, sprzedaj\u0105cy ma prawo naliczy\u0107 kar\u0119 umown\u0105 w wysoko\u015bci 0,1% niezap\u0142aconej kwoty za ka\u017cdy dzie\u0144 zw\u0142oki, a kupuj\u0105cy jest zobowi\u0105zany do jej zap\u0142aty. Sprzedawca ma prawo przerwa\u0107 dostaw\u0119 innych zam\u00f3wionych towar\u00f3w.<\/p><p>3.4 Prawo do faktury powstaje dla sprzedaj\u0105cego w dniu dostarczenia towaru kupuj\u0105cemu lub pierwszemu przewo\u017anikowi publicznemu, a sprzedaj\u0105cy wystawia kupuj\u0105cemu stosowny dokument podatkowy - faktur\u0119.<\/p><ol start=\"4\"><li><h6><strong>Cena zakupu<\/strong><\/h6><\/li><\/ol><p>4.1 Cena zakupu jest okre\u015blona w aktualnej ofercie sprzedaj\u0105cego dla kupuj\u0105cego i obejmuje zwyk\u0142e opakowanie i oznakowanie towaru. Cena obowi\u0105zuje do czasu wycofania oferty lub wystawienia nowej oferty.<\/p><p>4.2 Kupuj\u0105cy jest odpowiedzialny za wszelkie wydatki i op\u0142aty, kt\u00f3re mog\u0105 powsta\u0107 poza terytorium Republiki Czeskiej, takie jak podatki, c\u0142a, op\u0142aty importowe i tym podobne.<\/p><ol start=\"5\"><li><h6><strong>Warunki dostarczenia<\/strong><\/h6><\/li><\/ol><p>5.1 Sprzedaj\u0105cy realizuje dostaw\u0119 towaru, przekazuj\u0105c towar kupuj\u0105cemu lub przekazuj\u0105c towar pierwszemu przewo\u017anikowi, przenosz\u0105c w ten spos\u00f3b r\u00f3wnie\u017c ryzyko uszkodzenia towaru na kupuj\u0105cego.<\/p><p>5.2 Je\u017celi w umowie nie ma wyra\u017anego uzgodnienia terminu dostawy towaru, sprzedawca ma prawo okre\u015bli\u0107 ten termin.<\/p><p>5.3 Sprzedaj\u0105cy zastrzega sobie prawo do zmiany zamawianej ilo\u015bci, bez uprzedniej zgody kupuj\u0105cego, maksymalnie o +\/- 10%, chyba \u017ce kupuj\u0105cy wyra\u017anie zaznaczy inaczej w zam\u00f3wieniu, a ilo\u015b\u0107 mo\u017ce by\u0107 r\u00f3wnie\u017c dostarczona w kilku -d\u0142ugo\u015bci chyba, \u017ce \u200b\u200bkupuj\u0105cy okre\u015bli inaczej.<\/p><p>5.4 W przypadku towar\u00f3w, kt\u00f3rych zam\u00f3wiona ilo\u015b\u0107 jest wi\u0119ksza ni\u017c 150 rolek, sprzedaj\u0105cy pokrywa koszty transportu na terenie Republiki Czeskiej - CPT (zgodnie z INCOTERMS 2000), chyba \u017ce sprzedawca ustali\u0142 inaczej.<\/p><p>5.5 W przypadku towar\u00f3w, kt\u00f3rych zam\u00f3wiona ilo\u015b\u0107 jest mniejsza ni\u017c 150 rolek, cena ta jest cen\u0105 EXW lub koszty transportu zwi\u0105zane z dostaw\u0105 towaru do kupuj\u0105cego pokrywa kupuj\u0105cy.<\/p><p>5.6 W przypadku towaru za pobraniem naliczana jest zw\u0142oka w p\u0142atno\u015bci.\u00a0<\/p><p>5.7 O ile w potwierdzeniu zam\u00f3wienia lub dowodzie dostawy nie wskazano inaczej, towary dostarczane s\u0105 w opakowaniach bezzwrotnych. Towar mo\u017ce zosta\u0107 dostarczony w opakowaniu ponadstandardowym (np. do wysy\u0142ki statkiem) za dodatkow\u0105 op\u0142at\u0105. Zwrotne opakowanie transportowe zostanie fakturowane na kupuj\u0105cego wraz z dostaw\u0105 produkt\u00f3w jako oddzielna pozycja (zwrotne opakowanie transportowe w rozumieniu og\u00f3lnych warunk\u00f3w handlowych oznacza palety zwrotne i tuby metalowe).\u00a0<\/p><p>Kupuj\u0105cy ma prawo zwr\u00f3ci\u0107 sprzedaj\u0105cemu zwrotne opakowanie transportowe nie p\u00f3\u017aniej ni\u017c trzy miesi\u0105ce po dostarczeniu produkt\u00f3w na w\u0142asny koszt. Zwrotne opakowanie transportowe zwr\u00f3cone przez kupuj\u0105cego zostanie zaliczone na dobro sprzedaj\u0105cego, ale nie mo\u017ce by\u0107 uszkodzone lub zabrudzone, w przeciwnym razie sprzedaj\u0105cy ma prawo nie przyj\u0105\u0107 takiego opakowania lub zwr\u00f3ci\u0107 je na koszt kupuj\u0105cego.<\/p><p>Numery faktur sprzedaj\u0105cego, ilo\u015b\u0107 sztuk i rodzaj zwracanych opakowa\u0144 musz\u0105 by\u0107 zawsze podane na dowodzie dostawy lub przewozie opakowania.<\/p><ol start=\"6\"><li><h6><strong>Zastrze\u017cenie w\u0142asno\u015bci<\/strong><\/h6><\/li><\/ol><p>6.1 Towar pozostaje w posiadaniu sprzedaj\u0105cego do momentu pe\u0142nej zap\u0142aty ceny zakupu przez kupuj\u0105cego, tj. poprzez zaksi\u0119gowanie zafakturowanej kwoty na koncie sprzedaj\u0105cego.<\/p><ol start=\"7\"><li><h6><strong>Zwr\u00f3cone dobra<\/strong><\/h6><\/li><\/ol><p>7.1 Kupuj\u0105cy mo\u017ce zwr\u00f3ci\u0107 dostarczony towar sprzedaj\u0105cemu wy\u0142\u0105cznie na podstawie uprzedniej pisemnej umowy mi\u0119dzy kupuj\u0105cym a sprzedaj\u0105cym.<\/p><p>7.2 Towar nie zostanie przyj\u0119ty przez sprzedaj\u0105cego bez odpowiedniego dokumentu \u2013 \u201eZwrot towaru\u201d wystawionego przez sprzedaj\u0105cego i tylko w stanie wydanym przez sprzedaj\u0105cego kupuj\u0105cemu.<\/p><ol start=\"8\"><li><h6><strong>Odst\u0105pienie od umowy<\/strong><\/h6><\/li><\/ol><p>8.1 W przypadku odst\u0105pienia od umowy przez kupuj\u0105cego w okresie dostawy, sprzedaj\u0105cy ma prawo naliczy\u0107 op\u0142at\u0119 za anulowanie w wysoko\u015bci 25% ca\u0142kowitej ceny zakupu. Nie wp\u0142ywa to na prawo do odszkodowania za szkody, kt\u00f3re sprzedawca m\u00f3g\u0142 ponie\u015b\u0107 w zwi\u0105zku z odst\u0105pieniem od umowy.<\/p><p>8.2 Poprzez zap\u0142acenie odprawy zgodnie z punktem 8.1 niniejszych OWU umowa zostaje rozwi\u0105zana.<\/p><ol start=\"9\"><li><h6><strong>Tryb reklamacyjny<\/strong><\/h6><\/li><\/ol><p>9.1 Sprzedawca udziela gwarancji na towar na okres maksymalnie 12 miesi\u0119cy od daty dostawy towaru i przy zachowaniu nast\u0119puj\u0105cych warunk\u00f3w przechowywania dostawcy: Folia musi by\u0107 przechowywana w suchym i wolnym od kurzu otoczeniu. W czasie przechowywania folia nie mo\u017ce by\u0107 nara\u017cona na d\u0142ugotrwa\u0142e dzia\u0142anie temperatur wy\u017cszych ni\u017c 25\u00b0C i ni\u017cszych ni\u017c 0\u00b0C. Foli\u0119 nale\u017cy na\u0142o\u017cy\u0107 na zabezpieczany materia\u0142 w ci\u0105gu 6 miesi\u0119cy od wysy\u0142ki z zak\u0142adu SUPROFILM s.r.o. Foli\u0119 nale\u017cy usun\u0105\u0107 z materia\u0142u nie p\u00f3\u017aniej ni\u017c 6 miesi\u0119cy po aplikacji lub w ci\u0105gu 3 miesi\u0119cy od aplikacji, je\u015bli zabezpieczany materia\u0142 by\u0142 wystawiony na dzia\u0142anie czynnik\u00f3w atmosferycznych, chyba \u017ce specyfikacja techniczna poszczeg\u00f3lnych produkt\u00f3w stanowi inaczej. Zalecana temperatura materia\u0142u podczas usuwania folii ochronnej to 10-35\u00b0C.<\/p><p>9.2 Kupuj\u0105cy jest zobowi\u0105zany do sprawdzenia towaru bez zb\u0119dnej zw\u0142oki przy odbiorze lub odbiorze, aw przypadku wykrycia wad spisa\u0107 protok\u00f3\u0142 z wyniku ogl\u0119dzin i dostarczy\u0107 go sprzedaj\u0105cemu.<\/p><p>9.3 Reklamacje dotycz\u0105ce wad ilo\u015bciowych, gdy dostarczona ilo\u015b\u0107 lub asortyment nie odpowiada ilo\u015bci wskazanej na dowodzie dostawy, s\u0105 dopuszczalne w ci\u0105gu 5 dni roboczych od przyj\u0119cia lub odbioru dostawy towaru, pod rygorem przedawnienia roszczenia z tytu\u0142u reklamacji. Kupuj\u0105cy jest zobowi\u0105zany do udokumentowania numeru dowodu dostawy i faktury.<\/p><p>9.4 Kupuj\u0105cy jest zobowi\u0105zany do reklamacji oczywistych wad towaru najp\u00f3\u017aniej w momencie odbioru lub przyj\u0119cia dostawy towaru, w przeciwnym razie roszczenie z tytu\u0142u roszczenia wygasa.<\/p><p>9.5 Kupuj\u0105cy ma obowi\u0105zek reklamowa\u0107 wady ukryte towaru bez zb\u0119dnej zw\u0142oki po ich wykryciu, nie p\u00f3\u017aniej jednak ni\u017c w okresie gwarancji. W przypadku reklamacji przej\u015bcia kleju z folii na zabezpieczan\u0105 powierzchni\u0119, wada ukryta ujawnia si\u0119 z chwil\u0105 zdj\u0119cia folii ochronnej z powierzchni, a Kupuj\u0105cy ma obowi\u0105zek reklamowa\u0107 t\u0119 wad\u0119 bez zb\u0119dnej zw\u0142oki, bez p\u00f3\u017aniej ni\u017c 7 dni po usuni\u0119ciu folii z powierzchni. Reklamacje dotycz\u0105ce przeniesienia kleju dokonane po tym terminie nie b\u0119d\u0105 uwzgl\u0119dniane, a wszelkie roszczenia z tytu\u0142u tych reklamacji przedawni\u0105 si\u0119 po up\u0142ywie okresu 7 dni od usuni\u0119cia folii ochronnej z powierzchni.<\/p><p>9.6 Sprzedaj\u0105cy jest uprawniony do podj\u0119cia decyzji na podstawie przed\u0142o\u017conych dokument\u00f3w, lub ogl\u0119dziny reklamowanego towaru pod k\u0105tem zasadno\u015bci reklamowanych wad w terminie 30 dni od dor\u0119czenia reklamacji. W przypadku konieczno\u015bci sporz\u0105dzenia ekspertyzy lub innej oceny termin ten ulega przed\u0142u\u017ceniu o kolejne 30 dni.<\/p><p>9.7 Reklamacje kupuj\u0105cego musz\u0105 by\u0107 sk\u0142adane w formie pisemnej na adres SUPROFILM s.r.o., Z\u00e1b\u0159e\u017esk\u00e1 74, 787 01 \u0160umperk, Republika Czeska, w kt\u00f3rym nale\u017cy wyra\u017anie okre\u015bli\u0107 reklamowane braki.<\/p><p>9.8 Niezg\u0142oszenie wad w wyznaczonym terminie oznacza, \u017ce \u200b\u200bkupuj\u0105cy przyj\u0105\u0142 dostaw\u0119 bez uwag.<\/p><p>9.9 W przypadku uzasadnionej reklamacji wady mo\u017cliwej do usuni\u0119cia, sprzedawca usunie wad\u0119 w ci\u0105gu 30 dni na w\u0142asny koszt.<\/p><p>9.10 W przypadku uzasadnionej reklamacji nieodwracalnych wad, sprzedawca wymieni towar na wolny od wad lub zwr\u00f3ci kupuj\u0105cemu cen\u0119 zakupu. Je\u017celi ta wada nie uniemo\u017cliwia korzystania z towaru, sprzedawca udzieli kupuj\u0105cemu odpowiedniego rabatu.<\/p><p>9.11 W przypadku stwierdzenia, \u017ce \u200b\u200breklamowana wada powsta\u0142a w wyniku nieprawid\u0142owego przechowywania, u\u017cytkowania, aplikacji folii lub nieostro\u017cnego obchodzenia si\u0119 z towarem, prawo reklamacyjne kupuj\u0105cego wygasa.<\/p><p>9.12 Zakres odpowiedzialno\u015bci sprzedawcy jest ograniczony do wymiany, zwrotu lub dodatkowej dostawy i wy\u0142\u0105cznie wed\u0142ug uznania sprzedawcy. Sprzedaj\u0105cy w \u017cadnym wypadku nie ponosi odpowiedzialno\u015bci za jakiekolwiek szkody po\u015brednie lub wt\u00f3rne, w tym utrat\u0119 zysku, a jego odpowiedzialno\u015b\u0107 nie mo\u017ce przekroczy\u0107 ceny zakupu produktu dostarczonego Kupuj\u0105cemu.<\/p><ol start=\"10\"><li><h6><strong>Postanowienia ko\u0144cowe<\/strong><\/h6><\/li><\/ol><p>10.1 Zmiany techniczne zastrze\u017cone.<\/p><p>10.2 W przypadku, gdy kupuj\u0105cy nie reguluje wszystkich zobowi\u0105za\u0144 finansowych w stosunku do sprzedaj\u0105cego, w tym kar umownych, odpraw i odsetek za zw\u0142ok\u0119, sprzedaj\u0105cy ma prawo jednostronnie odst\u0105pi\u0107 od zawartej umowy kupna-sprzeda\u017cy. W takim przypadku kupuj\u0105cemu nie przys\u0142uguje roszczenie o odszkodowanie za poniesione szkody.<\/p><p>10.3 Sprzedawca zastrzega sobie prawo do zmiany lub uzupe\u0142nienia niniejszego VODP, lub wystawi\u0107 nowy VODP.<\/p><p>10.4 Warunki zakupu kupuj\u0105cego, kt\u00f3re s\u0105 sprzeczne z niniejszymi OWH, nie s\u0105 wi\u0105\u017c\u0105ce dla sprzedaj\u0105cego, nawet je\u015bli s\u0105 cz\u0119\u015bci\u0105 zam\u00f3wienia kupuj\u0105cego, a sprzedaj\u0105cy nie sprzeciwi\u0142 si\u0119 im.<\/p><p>10.5 Wszelkie informacje zawarte w umowie kupna-sprzeda\u017cy stanowi\u0105 tajemnic\u0119 handlow\u0105 i nie mog\u0105 by\u0107 ujawniane osobom trzecim.<\/p><p>10.6 W przypadku, gdy kt\u00f3rekolwiek z postanowie\u0144 niniejszych Warunk\u00f3w stanie si\u0119 niezgodne z prawem i niewa\u017cne, nie wp\u0142ynie to w \u017caden spos\u00f3b na pozosta\u0142e postanowienia, a strony uzgodni\u0105 prawn\u0105 i obowi\u0105zuj\u0105c\u0105 wersj\u0119 tego postanowienia.<\/p><p>10.7 Wszelkie spory wynikaj\u0105ce z niniejszych W\u015aU b\u0119d\u0105 rozstrzygane przez strony przede wszystkim w drodze wzajemnego porozumienia. Strony ustali\u0142y, \u017ce spory b\u0119d\u0105 ostatecznie rozstrzygane przez S\u0105d Rejonowy w \u0160umperku.<\/p>\t\t\t\t\t\t\t\t<\/div>\n\t\t\t\t<\/div>\n\t\t\t\t\t<\/div>\n\t\t<\/div>\n\t\t\t\t\t<\/div>\n\t\t<\/section>\n\t\t\t\t<\/div>","protected":false},"excerpt":{"rendered":"<p>Obecn\u00e1 ustanoven\u00ed P\u0159edm\u011btem t\u011bchto V\u0161eobecn\u00fdch obchodn\u00edch a dodac\u00edch podm\u00ednek fy. SUPROFILM s.r.o. (d\u00e1le jen VODP) je \u00faprava vztahu mezi spole\u010dnost\u00ed SUPROFILM s.r.o. [&hellip;]<\/p>","protected":false},"author":1,"featured_media":0,"parent":0,"menu_order":0,"comment_status":"closed","ping_status":"closed","template":"","meta":{"footnotes":""},"class_list":["post-3992","page","type-page","status-publish","hentry"],"_links":{"self":[{"href":"https:\/\/suprofilm.cz\/pl\/wp-json\/wp\/v2\/pages\/3992","targetHints":{"allow":["GET"]}}],"collection":[{"href":"https:\/\/suprofilm.cz\/pl\/wp-json\/wp\/v2\/pages"}],"about":[{"href":"https:\/\/suprofilm.cz\/pl\/wp-json\/wp\/v2\/types\/page"}],"author":[{"embeddable":true,"href":"https:\/\/suprofilm.cz\/pl\/wp-json\/wp\/v2\/users\/1"}],"replies":[{"embeddable":true,"href":"https:\/\/suprofilm.cz\/pl\/wp-json\/wp\/v2\/comments?post=3992"}],"version-history":[{"count":23,"href":"https:\/\/suprofilm.cz\/pl\/wp-json\/wp\/v2\/pages\/3992\/revisions"}],"predecessor-version":[{"id":5522,"href":"https:\/\/suprofilm.cz\/pl\/wp-json\/wp\/v2\/pages\/3992\/revisions\/5522"}],"wp:attachment":[{"href":"https:\/\/suprofilm.cz\/pl\/wp-json\/wp\/v2\/media?parent=3992"}],"curies":[{"name":"wp","href":"https:\/\/api.w.org\/{rel}","templated":true}]}}